{"id":3603,"date":"2023-08-14T12:09:18","date_gmt":"2023-08-14T12:09:18","guid":{"rendered":"https:\/\/impulsfestival.de\/2025\/?page_id=3603"},"modified":"2025-09-23T12:29:12","modified_gmt":"2025-09-23T12:29:12","slug":"foerderer","status":"publish","type":"page","link":"https:\/\/impulsfestival.de\/2025\/foerderer\/","title":{"rendered":"F\u00f6r\u00adde\u00adrer"},"content":{"rendered":"\n<p><strong>Wir danken dem Land Sach\u00adsen-Anhalt sowie allen F\u00f6r\u00adde\u00adrern und Spon\u00adso\u00adren f\u00fcr ihre Unterst\u00fctzung!<\/strong><\/p>\n<p>Impuls wird gef\u00f6r\u00addert&nbsp;von:<\/p>\n<style>\nfigure a img {\n    display: block !important;\n    max-width: 100%;\n}\n<\/style>\n\n\n\n<div class=\"wp-block-columns is-layout-flex wp-container-core-columns-is-layout-1 wp-block-columns-is-layout-flex\">\n<div class=\"wp-block-column is-layout-flow wp-block-column-is-layout-flow\" style=\"flex-basis:100%\">\n<figure class=\"wp-block-image size-full sponsor-image\"><a href=\"https:\/\/www.sachsen-anhalt.de\/startseite\" target=\"_blank\" rel=\"noreferrer noopener\"><img loading=\"lazy\" decoding=\"async\" width=\"1347\" height=\"1000\" src=\"https:\/\/impulsfestival.de\/2025\/wp-content\/uploads\/2016\/09\/LSA_Signet_4C-e1473977274495.jpg\" alt class=\"wp-image-581\" srcset=\"https:\/\/impulsfestival.de\/2025\/wp-content\/uploads\/2016\/09\/LSA_Signet_4C-e1473977274495.jpg 1347w, https:\/\/impulsfestival.de\/2025\/wp-content\/uploads\/2016\/09\/LSA_Signet_4C-e1473977274495-300x223.jpg 300w, https:\/\/impulsfestival.de\/2025\/wp-content\/uploads\/2016\/09\/LSA_Signet_4C-e1473977274495-768x570.jpg 768w, https:\/\/impulsfestival.de\/2025\/wp-content\/uploads\/2016\/09\/LSA_Signet_4C-e1473977274495-1024x760.jpg 1024w, https:\/\/impulsfestival.de\/2025\/wp-content\/uploads\/2016\/09\/LSA_Signet_4C-e1473977274495-1200x891.jpg 1200w\" sizes=\"(max-width: 1347px) 100vw, 1347px\"><\/a><\/figure>\n<\/div>\n<\/div>\n\n\n\n<figure class=\"wp-block-image size-full sponsor-image\"><img loading=\"lazy\" decoding=\"async\" width=\"792\" height=\"211\" src=\"https:\/\/impulsfestival.de\/2025\/wp-content\/uploads\/2025\/07\/hallesaale_hsraum-w2.png\" alt class=\"wp-image-4811\" srcset=\"https:\/\/impulsfestival.de\/2025\/wp-content\/uploads\/2025\/07\/hallesaale_hsraum-w2.png 792w, https:\/\/impulsfestival.de\/2025\/wp-content\/uploads\/2025\/07\/hallesaale_hsraum-w2-300x80.png 300w, https:\/\/impulsfestival.de\/2025\/wp-content\/uploads\/2025\/07\/hallesaale_hsraum-w2-768x205.png 768w\" sizes=\"(max-width: 792px) 100vw, 792px\"><\/figure>\n\n\n\n<figure class=\"wp-block-image size-full sponsor-image\"><a href=\"https:\/\/www.lottosachsenanhalt.de\/\" target=\"_blank\" rel=\"noreferrer noopener\"><img loading=\"lazy\" decoding=\"async\" width=\"1440\" height=\"531\" src=\"https:\/\/impulsfestival.de\/2025\/wp-content\/uploads\/2023\/08\/5-LOTTO_quer_oR_4c-scaled.jpg\" alt class=\"wp-image-3511\" srcset=\"https:\/\/impulsfestival.de\/2025\/wp-content\/uploads\/2023\/08\/5-LOTTO_quer_oR_4c-scaled.jpg 1440w, https:\/\/impulsfestival.de\/2025\/wp-content\/uploads\/2023\/08\/5-LOTTO_quer_oR_4c-300x111.jpg 300w, https:\/\/impulsfestival.de\/2025\/wp-content\/uploads\/2023\/08\/5-LOTTO_quer_oR_4c-1024x378.jpg 1024w, https:\/\/impulsfestival.de\/2025\/wp-content\/uploads\/2023\/08\/5-LOTTO_quer_oR_4c-768x283.jpg 768w, https:\/\/impulsfestival.de\/2025\/wp-content\/uploads\/2023\/08\/5-LOTTO_quer_oR_4c-1536x566.jpg 1536w, https:\/\/impulsfestival.de\/2025\/wp-content\/uploads\/2023\/08\/5-LOTTO_quer_oR_4c-2048x755.jpg 2048w\" sizes=\"(max-width: 1440px) 100vw, 1440px\"><\/a><\/figure>\n\n\n\n<figure class=\"wp-block-image size-full sponsor-image\"><img loading=\"lazy\" decoding=\"async\" width=\"1156\" height=\"654\" src=\"https:\/\/impulsfestival.de\/2025\/wp-content\/uploads\/2025\/07\/kloster.png\" alt class=\"wp-image-4812\" srcset=\"https:\/\/impulsfestival.de\/2025\/wp-content\/uploads\/2025\/07\/kloster.png 1156w, https:\/\/impulsfestival.de\/2025\/wp-content\/uploads\/2025\/07\/kloster-300x170.png 300w, https:\/\/impulsfestival.de\/2025\/wp-content\/uploads\/2025\/07\/kloster-1024x579.png 1024w, https:\/\/impulsfestival.de\/2025\/wp-content\/uploads\/2025\/07\/kloster-768x434.png 768w\" sizes=\"(max-width: 1156px) 100vw, 1156px\"><\/figure>\n\n\n\n<figure class=\"wp-block-image size-full sponsor-image\"><img loading=\"lazy\" decoding=\"async\" width=\"1440\" height=\"295\" src=\"https:\/\/impulsfestival.de\/2025\/wp-content\/uploads\/2025\/07\/musikfonds_NK_BKM_quer_black-scaled.jpg\" alt class=\"wp-image-4761\" srcset=\"https:\/\/impulsfestival.de\/2025\/wp-content\/uploads\/2025\/07\/musikfonds_NK_BKM_quer_black-scaled.jpg 1440w, https:\/\/impulsfestival.de\/2025\/wp-content\/uploads\/2025\/07\/musikfonds_NK_BKM_quer_black-300x61.jpg 300w, https:\/\/impulsfestival.de\/2025\/wp-content\/uploads\/2025\/07\/musikfonds_NK_BKM_quer_black-1024x210.jpg 1024w, https:\/\/impulsfestival.de\/2025\/wp-content\/uploads\/2025\/07\/musikfonds_NK_BKM_quer_black-768x157.jpg 768w, https:\/\/impulsfestival.de\/2025\/wp-content\/uploads\/2025\/07\/musikfonds_NK_BKM_quer_black-1536x314.jpg 1536w, https:\/\/impulsfestival.de\/2025\/wp-content\/uploads\/2025\/07\/musikfonds_NK_BKM_quer_black-2048x419.jpg 2048w\" sizes=\"(max-width: 1440px) 100vw, 1440px\"><\/figure>\n\n\n\n<figure class=\"wp-block-image size-full sponsor-image\"><img loading=\"lazy\" decoding=\"async\" width=\"600\" height=\"281\" src=\"https:\/\/impulsfestival.de\/2025\/wp-content\/uploads\/2025\/09\/GI_Logo_horizontal_black_sRGB-1.png\" alt class=\"wp-image-4872\" srcset=\"https:\/\/impulsfestival.de\/2025\/wp-content\/uploads\/2025\/09\/GI_Logo_horizontal_black_sRGB-1.png 600w, https:\/\/impulsfestival.de\/2025\/wp-content\/uploads\/2025\/09\/GI_Logo_horizontal_black_sRGB-1-300x141.png 300w\" sizes=\"(max-width: 600px) 100vw, 600px\"><\/figure>\n","protected":false},"excerpt":{"rendered":"<p>Wir danken dem Land Sach\u00ad\u00adsen-Anhalt sowie allen F\u00f6r\u00adde\u00adrern und Spon\u00adso\u00adren f\u00fcr ihre Unter\u00adst\u00fct\u00adzung! Impuls wird gef\u00f6r\u00addert&nbsp;von:<\/p>\n","protected":false},"author":4,"featured_media":0,"parent":0,"menu_order":0,"comment_status":"closed","ping_status":"closed","template":"","meta":{"_acf_changed":false,"wp_typography_post_enhancements_disabled":false,"footnotes":""},"acf":[],"yoast_head":"<!-- This site is optimized with the Yoast SEO plugin v22.8 - https:\/\/yoast.com\/wordpress\/plugins\/seo\/ -->\n<title>F\u00f6rderer &#187; IMPULS 2025<\/title>\n<meta name=\"robots\" content=\"index, follow, max-snippet:-1, max-image-preview:large, max-video-preview:-1\" \/>\n<link rel=\"canonical\" href=\"https:\/\/impulsfestival.de\/2025\/foerderer\/\" \/>\n<meta property=\"og:locale\" content=\"de_DE\" \/>\n<meta property=\"og:type\" content=\"article\" \/>\n<meta property=\"og:title\" content=\"F\u00f6rderer &#187; IMPULS 2025\" \/>\n<meta property=\"og:description\" content=\"Wir danken dem Land Sach\u00adsen-Anhalt sowie allen F\u00f6r\u00adde\u00adrern und Spon\u00adso\u00adren f\u00fcr ihre Unterst\u00fctzung! Impuls wird gef\u00f6r\u00addert&nbsp;von:\" \/>\n<meta property=\"og:url\" content=\"https:\/\/impulsfestival.de\/2025\/foerderer\/\" \/>\n<meta property=\"og:site_name\" content=\"IMPULS 2025\" \/>\n<meta property=\"article:modified_time\" content=\"2025-09-23T12:29:12+00:00\" \/>\n<meta property=\"og:image\" content=\"https:\/\/impulsfestival.de\/2025\/wp-content\/uploads\/2016\/09\/LSA_Signet_4C-e1473977274495.jpg\" \/>\n<meta name=\"twitter:card\" content=\"summary_large_image\" \/>\n<meta name=\"twitter:label1\" content=\"Gesch\u00e4tzte Lesezeit\" \/>\n\t<meta name=\"twitter:data1\" content=\"2\u00a0Minuten\" \/>\n<script type=\"application\/ld+json\" class=\"yoast-schema-graph\">{\"@context\":\"https:\/\/schema.org\",\"@graph\":[{\"@type\":\"WebPage\",\"@id\":\"https:\/\/impulsfestival.de\/2025\/foerderer\/\",\"url\":\"https:\/\/impulsfestival.de\/2025\/foerderer\/\",\"name\":\"F\u00f6rderer &#187; IMPULS 2025\",\"isPartOf\":{\"@id\":\"https:\/\/impulsfestival.de\/2025\/#website\"},\"primaryImageOfPage\":{\"@id\":\"https:\/\/impulsfestival.de\/2025\/foerderer\/#primaryimage\"},\"image\":{\"@id\":\"https:\/\/impulsfestival.de\/2025\/foerderer\/#primaryimage\"},\"thumbnailUrl\":\"https:\/\/impulsfestival.de\/2025\/wp-content\/uploads\/2016\/09\/LSA_Signet_4C-e1473977274495.jpg\",\"datePublished\":\"2023-08-14T12:09:18+00:00\",\"dateModified\":\"2025-09-23T12:29:12+00:00\",\"breadcrumb\":{\"@id\":\"https:\/\/impulsfestival.de\/2025\/foerderer\/#breadcrumb\"},\"inLanguage\":\"de\",\"potentialAction\":[{\"@type\":\"ReadAction\",\"target\":[\"https:\/\/impulsfestival.de\/2025\/foerderer\/\"]}]},{\"@type\":\"ImageObject\",\"inLanguage\":\"de\",\"@id\":\"https:\/\/impulsfestival.de\/2025\/foerderer\/#primaryimage\",\"url\":\"https:\/\/impulsfestival.de\/2025\/wp-content\/uploads\/2016\/09\/LSA_Signet_4C-e1473977274495.jpg\",\"contentUrl\":\"https:\/\/impulsfestival.de\/2025\/wp-content\/uploads\/2016\/09\/LSA_Signet_4C-e1473977274495.jpg\",\"width\":1347,\"height\":1000},{\"@type\":\"BreadcrumbList\",\"@id\":\"https:\/\/impulsfestival.de\/2025\/foerderer\/#breadcrumb\",\"itemListElement\":[{\"@type\":\"ListItem\",\"position\":1,\"name\":\"Startseite\",\"item\":\"https:\/\/impulsfestival.de\/2025\/\"},{\"@type\":\"ListItem\",\"position\":2,\"name\":\"F\u00f6rderer\"}]},{\"@type\":\"WebSite\",\"@id\":\"https:\/\/impulsfestival.de\/2025\/#website\",\"url\":\"https:\/\/impulsfestival.de\/2025\/\",\"name\":\"IMPULS 2024\",\"description\":\"Festival f\u00fcr Neue Musik\",\"publisher\":{\"@id\":\"https:\/\/impulsfestival.de\/2025\/#organization\"},\"potentialAction\":[{\"@type\":\"SearchAction\",\"target\":{\"@type\":\"EntryPoint\",\"urlTemplate\":\"https:\/\/impulsfestival.de\/2025\/?s={search_term_string}\"},\"query-input\":\"required name=search_term_string\"}],\"inLanguage\":\"de\"},{\"@type\":\"Organization\",\"@id\":\"https:\/\/impulsfestival.de\/2025\/#organization\",\"name\":\"IMPULS 2024\",\"url\":\"https:\/\/impulsfestival.de\/2025\/\",\"logo\":{\"@type\":\"ImageObject\",\"inLanguage\":\"de\",\"@id\":\"https:\/\/impulsfestival.de\/2025\/#\/schema\/logo\/image\/\",\"url\":\"https:\/\/impulsfestival.de\/2025\/wp-content\/uploads\/2024\/06\/Impuls-FZML-Logo_24.svg\",\"contentUrl\":\"https:\/\/impulsfestival.de\/2025\/wp-content\/uploads\/2024\/06\/Impuls-FZML-Logo_24.svg\",\"width\":1,\"height\":1,\"caption\":\"IMPULS 2024\"},\"image\":{\"@id\":\"https:\/\/impulsfestival.de\/2025\/#\/schema\/logo\/image\/\"}}]}<\/script>\n<!-- \/ Yoast SEO plugin. -->","yoast_head_json":{"title":"F\u00f6rderer &#187; IMPULS 2025","robots":{"index":"index","follow":"follow","max-snippet":"max-snippet:-1","max-image-preview":"max-image-preview:large","max-video-preview":"max-video-preview:-1"},"canonical":"https:\/\/impulsfestival.de\/2025\/foerderer\/","og_locale":"de_DE","og_type":"article","og_title":"F\u00f6rderer &#187; IMPULS 2025","og_description":"Wir danken dem Land Sach\u00adsen-Anhalt sowie allen F\u00f6r\u00adde\u00adrern und Spon\u00adso\u00adren f\u00fcr ihre Unterst\u00fctzung! Impuls wird gef\u00f6r\u00addert&nbsp;von:","og_url":"https:\/\/impulsfestival.de\/2025\/foerderer\/","og_site_name":"IMPULS 2025","article_modified_time":"2025-09-23T12:29:12+00:00","og_image":[{"url":"https:\/\/impulsfestival.de\/2025\/wp-content\/uploads\/2016\/09\/LSA_Signet_4C-e1473977274495.jpg"}],"twitter_card":"summary_large_image","twitter_misc":{"Gesch\u00e4tzte Lesezeit":"2\u00a0Minuten"},"schema":{"@context":"https:\/\/schema.org","@graph":[{"@type":"WebPage","@id":"https:\/\/impulsfestival.de\/2025\/foerderer\/","url":"https:\/\/impulsfestival.de\/2025\/foerderer\/","name":"F\u00f6rderer &#187; IMPULS 2025","isPartOf":{"@id":"https:\/\/impulsfestival.de\/2025\/#website"},"primaryImageOfPage":{"@id":"https:\/\/impulsfestival.de\/2025\/foerderer\/#primaryimage"},"image":{"@id":"https:\/\/impulsfestival.de\/2025\/foerderer\/#primaryimage"},"thumbnailUrl":"https:\/\/impulsfestival.de\/2025\/wp-content\/uploads\/2016\/09\/LSA_Signet_4C-e1473977274495.jpg","datePublished":"2023-08-14T12:09:18+00:00","dateModified":"2025-09-23T12:29:12+00:00","breadcrumb":{"@id":"https:\/\/impulsfestival.de\/2025\/foerderer\/#breadcrumb"},"inLanguage":"de","potentialAction":[{"@type":"ReadAction","target":["https:\/\/impulsfestival.de\/2025\/foerderer\/"]}]},{"@type":"ImageObject","inLanguage":"de","@id":"https:\/\/impulsfestival.de\/2025\/foerderer\/#primaryimage","url":"https:\/\/impulsfestival.de\/2025\/wp-content\/uploads\/2016\/09\/LSA_Signet_4C-e1473977274495.jpg","contentUrl":"https:\/\/impulsfestival.de\/2025\/wp-content\/uploads\/2016\/09\/LSA_Signet_4C-e1473977274495.jpg","width":1347,"height":1000},{"@type":"BreadcrumbList","@id":"https:\/\/impulsfestival.de\/2025\/foerderer\/#breadcrumb","itemListElement":[{"@type":"ListItem","position":1,"name":"Startseite","item":"https:\/\/impulsfestival.de\/2025\/"},{"@type":"ListItem","position":2,"name":"F\u00f6rderer"}]},{"@type":"WebSite","@id":"https:\/\/impulsfestival.de\/2025\/#website","url":"https:\/\/impulsfestival.de\/2025\/","name":"IMPULS 2024","description":"Festival f\u00fcr Neue Musik","publisher":{"@id":"https:\/\/impulsfestival.de\/2025\/#organization"},"potentialAction":[{"@type":"SearchAction","target":{"@type":"EntryPoint","urlTemplate":"https:\/\/impulsfestival.de\/2025\/?s={search_term_string}"},"query-input":"required name=search_term_string"}],"inLanguage":"de"},{"@type":"Organization","@id":"https:\/\/impulsfestival.de\/2025\/#organization","name":"IMPULS 2024","url":"https:\/\/impulsfestival.de\/2025\/","logo":{"@type":"ImageObject","inLanguage":"de","@id":"https:\/\/impulsfestival.de\/2025\/#\/schema\/logo\/image\/","url":"https:\/\/impulsfestival.de\/2025\/wp-content\/uploads\/2024\/06\/Impuls-FZML-Logo_24.svg","contentUrl":"https:\/\/impulsfestival.de\/2025\/wp-content\/uploads\/2024\/06\/Impuls-FZML-Logo_24.svg","width":1,"height":1,"caption":"IMPULS 2024"},"image":{"@id":"https:\/\/impulsfestival.de\/2025\/#\/schema\/logo\/image\/"}}]}},"_links":{"self":[{"href":"https:\/\/impulsfestival.de\/2025\/wp-json\/wp\/v2\/pages\/3603"}],"collection":[{"href":"https:\/\/impulsfestival.de\/2025\/wp-json\/wp\/v2\/pages"}],"about":[{"href":"https:\/\/impulsfestival.de\/2025\/wp-json\/wp\/v2\/types\/page"}],"author":[{"embeddable":true,"href":"https:\/\/impulsfestival.de\/2025\/wp-json\/wp\/v2\/users\/4"}],"replies":[{"embeddable":true,"href":"https:\/\/impulsfestival.de\/2025\/wp-json\/wp\/v2\/comments?post=3603"}],"version-history":[{"count":34,"href":"https:\/\/impulsfestival.de\/2025\/wp-json\/wp\/v2\/pages\/3603\/revisions"}],"predecessor-version":[{"id":4873,"href":"https:\/\/impulsfestival.de\/2025\/wp-json\/wp\/v2\/pages\/3603\/revisions\/4873"}],"wp:attachment":[{"href":"https:\/\/impulsfestival.de\/2025\/wp-json\/wp\/v2\/media?parent=3603"}],"curies":[{"name":"wp","href":"https:\/\/api.w.org\/{rel}","templated":true}]}}